{"id":8326,"date":"2022-05-26T12:51:49","date_gmt":"2022-05-26T10:51:49","guid":{"rendered":"https:\/\/www.arcomet7.com\/ingenieria-y-proyectos\/"},"modified":"2025-08-13T11:28:22","modified_gmt":"2025-08-13T09:28:22","slug":"engineering-and-projects","status":"publish","type":"page","link":"https:\/\/www.arcomet7.com\/en\/engineering-and-projects\/","title":{"rendered":"Engineering and projects"},"content":{"rendered":"\t\t<div data-elementor-type=\"wp-page\" data-elementor-id=\"8326\" class=\"elementor elementor-8326 elementor-2307\" data-elementor-post-type=\"page\">\n\t\t\t\t\t\t<section data-particle_enable=\"false\" data-particle-mobile-disabled=\"false\" class=\"elementor-section elementor-top-section elementor-element elementor-element-a8c4066 elementor-section-full_width elementor-section-height-default elementor-section-height-default\" data-id=\"a8c4066\" data-element_type=\"section\" data-e-type=\"section\">\n\t\t\t\t\t\t<div class=\"elementor-container elementor-column-gap-default\">\n\t\t\t\t\t<div class=\"elementor-column elementor-col-100 elementor-top-column elementor-element elementor-element-235e595\" data-id=\"235e595\" data-element_type=\"column\" data-e-type=\"column\" data-settings=\"{&quot;background_background&quot;:&quot;classic&quot;}\">\n\t\t\t<div class=\"elementor-widget-wrap elementor-element-populated\">\n\t\t\t\t\t\t\t<\/div>\n\t\t<\/div>\n\t\t\t\t\t<\/div>\n\t\t<\/section>\n\t\t\t\t<section data-particle_enable=\"false\" data-particle-mobile-disabled=\"false\" class=\"elementor-section elementor-top-section elementor-element elementor-element-4a20c9f elementor-reverse-mobile elementor-section-boxed elementor-section-height-default elementor-section-height-default\" data-id=\"4a20c9f\" data-element_type=\"section\" data-e-type=\"section\">\n\t\t\t\t\t\t<div class=\"elementor-container elementor-column-gap-default\">\n\t\t\t\t\t<div class=\"elementor-column elementor-col-50 elementor-top-column elementor-element elementor-element-85826c4\" data-id=\"85826c4\" data-element_type=\"column\" data-e-type=\"column\">\n\t\t\t<div class=\"elementor-widget-wrap elementor-element-populated\">\n\t\t\t\t\t\t<div class=\"elementor-element elementor-element-f29dd8c elementor-widget elementor-widget-image\" data-id=\"f29dd8c\" data-element_type=\"widget\" data-e-type=\"widget\" data-widget_type=\"image.default\">\n\t\t\t\t<div class=\"elementor-widget-container\">\n\t\t\t\t\t\t\t\t\t\t\t\t\t\t\t<img fetchpriority=\"high\" decoding=\"async\" width=\"883\" height=\"1024\" src=\"https:\/\/www.arcomet7.com\/wp-content\/uploads\/planta-prefabricado-1-883x1024.png\" class=\"attachment-large size-large wp-image-11881\" alt=\"\" srcset=\"https:\/\/www.arcomet7.com\/wp-content\/uploads\/planta-prefabricado-1-883x1024.png 883w, https:\/\/www.arcomet7.com\/wp-content\/uploads\/planta-prefabricado-1-259x300.png 259w, https:\/\/www.arcomet7.com\/wp-content\/uploads\/planta-prefabricado-1-768x891.png 768w, https:\/\/www.arcomet7.com\/wp-content\/uploads\/planta-prefabricado-1.png 1045w\" sizes=\"(max-width: 883px) 100vw, 883px\" \/>\t\t\t\t\t\t\t\t\t\t\t\t\t\t\t<\/div>\n\t\t\t\t<\/div>\n\t\t\t\t\t<\/div>\n\t\t<\/div>\n\t\t\t\t<div class=\"elementor-column elementor-col-50 elementor-top-column elementor-element elementor-element-ff0b06e\" data-id=\"ff0b06e\" data-element_type=\"column\" data-e-type=\"column\">\n\t\t\t<div class=\"elementor-widget-wrap elementor-element-populated\">\n\t\t\t\t\t\t<div class=\"elementor-element elementor-element-7972bcb elementor-widget elementor-widget-text-editor\" data-id=\"7972bcb\" data-element_type=\"widget\" data-e-type=\"widget\" data-widget_type=\"text-editor.default\">\n\t\t\t\t<div class=\"elementor-widget-container\">\n\t\t\t\t\t\t\t\t\t<p>At Arco Met7, we are experts in engineering and installations of:<\/p><ul><li>Concrete Plants<\/li><li>Precast Plants<\/li><li>Mortar Plants<\/li><li>Aggregates Plants<\/li><li>Chemical Plants<\/li><li>Agri-Food Plants<\/li><li>Waste and Environment Plants<\/li><\/ul><p>We have a high level of expertise in these industries working with the client to understand their specific needs and developing a project plan that meets their objectives and requirements.<\/p><p>We offer partial or total installation services of processes and additional elements in plants, including design, manufacture and complete assembly of plants.<\/p><p>In the case of installations, we have dosing systems, forklifts and elevators, as well as storage systems in silos, hoppers and big bags. We also provide adjustments to control cabinets and wrapping and filling systems for different materials.<\/p><p>We develop plants for the manufacture of various materials in the construction and mining industries, supplying the necessary systems and components (mechanical, electrical, electronic and pneumatic) for their correct operation. This includes both safety systems in silos, connections and centralised pneumatic installations in cabinets.<\/p><p>We also carry out pre-assembled installations on-site with electronic components and elements. These accessories are manufactured in our facilities before being transported to the client&#8217;s site.  The idea is to speed up the installation process while reducing time.<\/p>\t\t\t\t\t\t\t\t<\/div>\n\t\t\t\t<\/div>\n\t\t\t\t\t<\/div>\n\t\t<\/div>\n\t\t\t\t\t<\/div>\n\t\t<\/section>\n\t\t\t\t<section data-particle_enable=\"false\" data-particle-mobile-disabled=\"false\" class=\"elementor-section elementor-top-section elementor-element elementor-element-887fab8 elementor-section-boxed elementor-section-height-default elementor-section-height-default\" data-id=\"887fab8\" data-element_type=\"section\" data-e-type=\"section\" data-settings=\"{&quot;background_background&quot;:&quot;classic&quot;}\">\n\t\t\t\t\t\t<div class=\"elementor-container elementor-column-gap-extended\">\n\t\t\t\t\t<div class=\"elementor-column elementor-col-50 elementor-top-column elementor-element elementor-element-e4b5276\" data-id=\"e4b5276\" data-element_type=\"column\" data-e-type=\"column\">\n\t\t\t<div class=\"elementor-widget-wrap elementor-element-populated\">\n\t\t\t\t\t\t<div class=\"elementor-element elementor-element-716b466 elementor-widget elementor-widget-heading\" data-id=\"716b466\" data-element_type=\"widget\" data-e-type=\"widget\" data-widget_type=\"heading.default\">\n\t\t\t\t<div class=\"elementor-widget-container\">\n\t\t\t\t\t<h2 class=\"elementor-heading-title elementor-size-default\">How do we carry out plant installation projects?<\/h2>\t\t\t\t<\/div>\n\t\t\t\t<\/div>\n\t\t\t\t<div class=\"elementor-element elementor-element-b461ad3 elementor-widget elementor-widget-text-editor\" data-id=\"b461ad3\" data-element_type=\"widget\" data-e-type=\"widget\" data-widget_type=\"text-editor.default\">\n\t\t\t\t<div class=\"elementor-widget-container\">\n\t\t\t\t\t\t\t\t\t<p>We carry out a detailed analysis of the customer&#8217;s needs to ensure that the machinery and equipment we manufacture is perfectly suited to their specific process and requirements.<\/p><p>In this phase, studies are also carried out to determine the necessary capacity and efficiency, as well as to define the necessary control and automation systems in the plant installation.<\/p><p>Our design engineers then develop the drawings and specifications for the machinery and equipment. These drawings are reviewed with the customer to ensure that they meet all requirements and to obtain their approval prior to fabrication.<\/p><p>Once the manufacturing process is complete, our teams of engineers perform extensive testing of the machinery and equipment to ensure that it meets all requirements and is ready to be installed at the customer&#8217;s plant.<\/p><p>In addition, during the installation process, our engineers supervise the process and carry out the commissioning of the machinery and equipment. We are committed to offering a comprehensive service, and for that we have an expert team trained in plant installations, ensuring that your project is carried out successfully.<\/p>\t\t\t\t\t\t\t\t<\/div>\n\t\t\t\t<\/div>\n\t\t\t\t\t<\/div>\n\t\t<\/div>\n\t\t\t\t<div class=\"elementor-column elementor-col-50 elementor-top-column elementor-element elementor-element-d885fe3\" data-id=\"d885fe3\" data-element_type=\"column\" data-e-type=\"column\">\n\t\t\t<div class=\"elementor-widget-wrap elementor-element-populated\">\n\t\t\t\t\t\t<div class=\"elementor-element elementor-element-69f9154 elementor-widget elementor-widget-image\" data-id=\"69f9154\" data-element_type=\"widget\" data-e-type=\"widget\" data-widget_type=\"image.default\">\n\t\t\t\t<div class=\"elementor-widget-container\">\n\t\t\t\t\t\t\t\t\t\t\t\t\t\t\t<img decoding=\"async\" width=\"768\" height=\"400\" src=\"https:\/\/www.arcomet7.com\/wp-content\/uploads\/instalaciones-de-plantas-768x400.jpg\" class=\"attachment-medium_large size-medium_large wp-image-14017\" alt=\"\" srcset=\"https:\/\/www.arcomet7.com\/wp-content\/uploads\/instalaciones-de-plantas-768x400.jpg 768w, https:\/\/www.arcomet7.com\/wp-content\/uploads\/instalaciones-de-plantas-300x156.jpg 300w, https:\/\/www.arcomet7.com\/wp-content\/uploads\/instalaciones-de-plantas-1024x533.jpg 1024w, https:\/\/www.arcomet7.com\/wp-content\/uploads\/instalaciones-de-plantas.jpg 1400w\" sizes=\"(max-width: 768px) 100vw, 768px\" \/>\t\t\t\t\t\t\t\t\t\t\t\t\t\t\t<\/div>\n\t\t\t\t<\/div>\n\t\t\t\t\t<\/div>\n\t\t<\/div>\n\t\t\t\t\t<\/div>\n\t\t<\/section>\n\t\t\t\t<section data-particle_enable=\"false\" data-particle-mobile-disabled=\"false\" class=\"elementor-section elementor-top-section elementor-element elementor-element-777b0f7 elementor-reverse-mobile elementor-section-boxed elementor-section-height-default elementor-section-height-default\" data-id=\"777b0f7\" data-element_type=\"section\" data-e-type=\"section\">\n\t\t\t\t\t\t<div class=\"elementor-container elementor-column-gap-default\">\n\t\t\t\t\t<div class=\"elementor-column elementor-col-50 elementor-top-column elementor-element elementor-element-0d2aa9d\" data-id=\"0d2aa9d\" data-element_type=\"column\" data-e-type=\"column\">\n\t\t\t<div class=\"elementor-widget-wrap elementor-element-populated\">\n\t\t\t\t\t\t<div class=\"elementor-element elementor-element-040e59d elementor-widget elementor-widget-image\" data-id=\"040e59d\" data-element_type=\"widget\" data-e-type=\"widget\" data-widget_type=\"image.default\">\n\t\t\t\t<div class=\"elementor-widget-container\">\n\t\t\t\t\t\t\t\t\t\t\t\t\t\t\t<img decoding=\"async\" width=\"768\" height=\"576\" src=\"https:\/\/www.arcomet7.com\/wp-content\/uploads\/ingenieria-768x576.jpg\" class=\"attachment-medium_large size-medium_large wp-image-11876\" alt=\"\" srcset=\"https:\/\/www.arcomet7.com\/wp-content\/uploads\/ingenieria-768x576.jpg 768w, https:\/\/www.arcomet7.com\/wp-content\/uploads\/ingenieria-300x225.jpg 300w, https:\/\/www.arcomet7.com\/wp-content\/uploads\/ingenieria-1024x768.jpg 1024w, https:\/\/www.arcomet7.com\/wp-content\/uploads\/ingenieria-1536x1152.jpg 1536w, https:\/\/www.arcomet7.com\/wp-content\/uploads\/ingenieria-2048x1536.jpg 2048w, https:\/\/www.arcomet7.com\/wp-content\/uploads\/ingenieria-scaled.jpg 1800w\" sizes=\"(max-width: 768px) 100vw, 768px\" \/>\t\t\t\t\t\t\t\t\t\t\t\t\t\t\t<\/div>\n\t\t\t\t<\/div>\n\t\t\t\t\t<\/div>\n\t\t<\/div>\n\t\t\t\t<div class=\"elementor-column elementor-col-50 elementor-top-column elementor-element elementor-element-3f68651\" data-id=\"3f68651\" data-element_type=\"column\" data-e-type=\"column\">\n\t\t\t<div class=\"elementor-widget-wrap elementor-element-populated\">\n\t\t\t\t\t\t<div class=\"elementor-element elementor-element-1af5e93 elementor-widget elementor-widget-text-editor\" data-id=\"1af5e93\" data-element_type=\"widget\" data-e-type=\"widget\" data-widget_type=\"text-editor.default\">\n\t\t\t\t<div class=\"elementor-widget-container\">\n\t\t\t\t\t\t\t\t\t<p>Our quality policy based on the <strong>ISO 9001:2015<\/strong> standard guarantees Arcomet7&#8217;s permanent commitment to innovation in the manufacture and design of industrial machinery for our customers.<\/p><p>We are certified for structures in accordance with the <strong>10:90 standard.<\/strong><\/p>\t\t\t\t\t\t\t\t<\/div>\n\t\t\t\t<\/div>\n\t\t\t\t\t<\/div>\n\t\t<\/div>\n\t\t\t\t\t<\/div>\n\t\t<\/section>\n\t\t\t\t<section data-particle_enable=\"false\" data-particle-mobile-disabled=\"false\" class=\"elementor-section elementor-top-section elementor-element elementor-element-240d3d2 elementor-section-content-middle elementor-section-full_width elementor-section-height-default elementor-section-height-default\" data-id=\"240d3d2\" data-element_type=\"section\" data-e-type=\"section\" data-settings=\"{&quot;background_background&quot;:&quot;classic&quot;}\">\n\t\t\t\t\t\t<div class=\"elementor-container elementor-column-gap-no\">\n\t\t\t\t\t<div class=\"elementor-column elementor-col-50 elementor-top-column elementor-element elementor-element-763c088\" data-id=\"763c088\" data-element_type=\"column\" data-e-type=\"column\">\n\t\t\t<div class=\"elementor-widget-wrap elementor-element-populated\">\n\t\t\t\t\t\t<div class=\"elementor-element elementor-element-3f25aed elementor-widget elementor-widget-heading\" data-id=\"3f25aed\" data-element_type=\"widget\" data-e-type=\"widget\" data-widget_type=\"heading.default\">\n\t\t\t\t<div class=\"elementor-widget-container\">\n\t\t\t\t\t<h2 class=\"elementor-heading-title elementor-size-default\">CAN WE HELP YOU?<\/h2>\t\t\t\t<\/div>\n\t\t\t\t<\/div>\n\t\t\t\t\t<\/div>\n\t\t<\/div>\n\t\t\t\t<div class=\"elementor-column elementor-col-50 elementor-top-column elementor-element elementor-element-ebc5594\" data-id=\"ebc5594\" data-element_type=\"column\" data-e-type=\"column\" data-settings=\"{&quot;background_background&quot;:&quot;classic&quot;}\">\n\t\t\t<div class=\"elementor-widget-wrap elementor-element-populated\">\n\t\t\t\t\t\t<div class=\"elementor-element elementor-element-fcabaa5 elementor-align-center elementor-widget elementor-widget-button\" data-id=\"fcabaa5\" data-element_type=\"widget\" data-e-type=\"widget\" data-widget_type=\"button.default\">\n\t\t\t\t<div class=\"elementor-widget-container\">\n\t\t\t\t\t\t\t\t\t<div class=\"elementor-button-wrapper\">\n\t\t\t\t\t<a class=\"elementor-button elementor-button-link elementor-size-sm\" href=\"https:\/\/www.arcomet7.com\/en\/contact\/\">\n\t\t\t\t\t\t<span class=\"elementor-button-content-wrapper\">\n\t\t\t\t\t\t\t\t\t<span class=\"elementor-button-text\">CONTACT US<\/span>\n\t\t\t\t\t<\/span>\n\t\t\t\t\t<\/a>\n\t\t\t\t<\/div>\n\t\t\t\t\t\t\t\t<\/div>\n\t\t\t\t<\/div>\n\t\t\t\t\t<\/div>\n\t\t<\/div>\n\t\t\t\t\t<\/div>\n\t\t<\/section>\n\t\t\t\t<\/div>\n\t\t","protected":false},"excerpt":{"rendered":"<p>At Arco Met7, we are experts in engineering and installations of: Concrete Plants Precast Plants Mortar Plants Aggregates Plants Chemical Plants Agri-Food Plants Waste and Environment Plants We have a high level of expertise in these industries working with the client to understand their specific needs and developing a project plan that meets their objectives [&hellip;]<\/p>\n","protected":false},"author":1,"featured_media":0,"parent":0,"menu_order":0,"comment_status":"closed","ping_status":"closed","template":"","meta":{"site-sidebar-layout":"no-sidebar","site-content-layout":"page-builder","ast-site-content-layout":"default","site-content-style":"default","site-sidebar-style":"default","ast-global-header-display":"","ast-banner-title-visibility":"","ast-main-header-display":"","ast-hfb-above-header-display":"","ast-hfb-below-header-display":"","ast-hfb-mobile-header-display":"","site-post-title":"disabled","ast-breadcrumbs-content":"","ast-featured-img":"disabled","footer-sml-layout":"","ast-disable-related-posts":"","theme-transparent-header-meta":"default","adv-header-id-meta":"","stick-header-meta":"","header-above-stick-meta":"","header-main-stick-meta":"","header-below-stick-meta":"","astra-migrate-meta-layouts":"default","ast-page-background-enabled":"default","ast-page-background-meta":{"desktop":{"background-color":"","background-image":"","background-repeat":"repeat","background-position":"center center","background-size":"auto","background-attachment":"scroll","background-type":"","background-media":"","overlay-type":"","overlay-color":"","overlay-opacity":"","overlay-gradient":""},"tablet":{"background-color":"","background-image":"","background-repeat":"repeat","background-position":"center center","background-size":"auto","background-attachment":"scroll","background-type":"","background-media":"","overlay-type":"","overlay-color":"","overlay-opacity":"","overlay-gradient":""},"mobile":{"background-color":"","background-image":"","background-repeat":"repeat","background-position":"center center","background-size":"auto","background-attachment":"scroll","background-type":"","background-media":"","overlay-type":"","overlay-color":"","overlay-opacity":"","overlay-gradient":""}},"ast-content-background-meta":{"desktop":{"background-color":"var(--ast-global-color-5)","background-image":"","background-repeat":"repeat","background-position":"center center","background-size":"auto","background-attachment":"scroll","background-type":"","background-media":"","overlay-type":"","overlay-color":"","overlay-opacity":"","overlay-gradient":""},"tablet":{"background-color":"var(--ast-global-color-5)","background-image":"","background-repeat":"repeat","background-position":"center center","background-size":"auto","background-attachment":"scroll","background-type":"","background-media":"","overlay-type":"","overlay-color":"","overlay-opacity":"","overlay-gradient":""},"mobile":{"background-color":"var(--ast-global-color-5)","background-image":"","background-repeat":"repeat","background-position":"center center","background-size":"auto","background-attachment":"scroll","background-type":"","background-media":"","overlay-type":"","overlay-color":"","overlay-opacity":"","overlay-gradient":""}},"footnotes":""},"class_list":["post-8326","page","type-page","status-publish","hentry"],"yoast_head":"<!-- This site is optimized with the Yoast SEO Premium plugin v27.4 (Yoast SEO v27.4) - https:\/\/yoast.com\/product\/yoast-seo-premium-wordpress\/ -->\n<title>Engineering and projects - ARCO MET7<\/title>\n<meta name=\"description\" content=\"We design the most suitable project for your company; we have the most qualified staff in the sectors we work in.\" \/>\n<meta name=\"robots\" content=\"index, follow, max-snippet:-1, max-image-preview:large, max-video-preview:-1\" \/>\n<link rel=\"canonical\" href=\"https:\/\/www.arcomet7.com\/en\/engineering-and-projects\/\" \/>\n<meta property=\"og:locale\" content=\"en_US\" \/>\n<meta property=\"og:type\" content=\"article\" \/>\n<meta property=\"og:title\" content=\"Engineering and projects\" \/>\n<meta property=\"og:description\" content=\"We design the most suitable project for your company; we have the most qualified staff in the sectors we work in.\" \/>\n<meta property=\"og:url\" content=\"https:\/\/www.arcomet7.com\/en\/engineering-and-projects\/\" \/>\n<meta property=\"og:site_name\" content=\"ARCO MET7\" \/>\n<meta property=\"article:modified_time\" content=\"2025-08-13T09:28:22+00:00\" \/>\n<meta property=\"og:image\" content=\"https:\/\/www.arcomet7.com\/wp-content\/uploads\/planta-prefabricado-1-883x1024.png\" \/>\n<meta name=\"twitter:card\" content=\"summary_large_image\" \/>\n<meta name=\"twitter:label1\" content=\"Est. reading time\" \/>\n\t<meta name=\"twitter:data1\" content=\"2 minutes\" \/>\n<script type=\"application\/ld+json\" class=\"yoast-schema-graph\">{\"@context\":\"https:\\\/\\\/schema.org\",\"@graph\":[{\"@type\":\"WebPage\",\"@id\":\"https:\\\/\\\/www.arcomet7.com\\\/en\\\/engineering-and-projects\\\/\",\"url\":\"https:\\\/\\\/www.arcomet7.com\\\/en\\\/engineering-and-projects\\\/\",\"name\":\"Engineering and projects - ARCO MET7\",\"isPartOf\":{\"@id\":\"https:\\\/\\\/www.arcomet7.com\\\/en\\\/#website\"},\"primaryImageOfPage\":{\"@id\":\"https:\\\/\\\/www.arcomet7.com\\\/en\\\/engineering-and-projects\\\/#primaryimage\"},\"image\":{\"@id\":\"https:\\\/\\\/www.arcomet7.com\\\/en\\\/engineering-and-projects\\\/#primaryimage\"},\"thumbnailUrl\":\"https:\\\/\\\/www.arcomet7.com\\\/wp-content\\\/uploads\\\/planta-prefabricado-1-883x1024.png\",\"datePublished\":\"2022-05-26T10:51:49+00:00\",\"dateModified\":\"2025-08-13T09:28:22+00:00\",\"description\":\"We design the most suitable project for your company; we have the most qualified staff in the sectors we work in.\",\"breadcrumb\":{\"@id\":\"https:\\\/\\\/www.arcomet7.com\\\/en\\\/engineering-and-projects\\\/#breadcrumb\"},\"inLanguage\":\"en-US\",\"potentialAction\":[{\"@type\":\"ReadAction\",\"target\":[\"https:\\\/\\\/www.arcomet7.com\\\/en\\\/engineering-and-projects\\\/\"]}]},{\"@type\":\"ImageObject\",\"inLanguage\":\"en-US\",\"@id\":\"https:\\\/\\\/www.arcomet7.com\\\/en\\\/engineering-and-projects\\\/#primaryimage\",\"url\":\"https:\\\/\\\/www.arcomet7.com\\\/wp-content\\\/uploads\\\/planta-prefabricado-1-883x1024.png\",\"contentUrl\":\"https:\\\/\\\/www.arcomet7.com\\\/wp-content\\\/uploads\\\/planta-prefabricado-1-883x1024.png\"},{\"@type\":\"BreadcrumbList\",\"@id\":\"https:\\\/\\\/www.arcomet7.com\\\/en\\\/engineering-and-projects\\\/#breadcrumb\",\"itemListElement\":[{\"@type\":\"ListItem\",\"position\":1,\"name\":\"Inicio\",\"item\":\"https:\\\/\\\/www.arcomet7.com\\\/en\\\/\"},{\"@type\":\"ListItem\",\"position\":2,\"name\":\"Engineering and projects\"}]},{\"@type\":\"WebSite\",\"@id\":\"https:\\\/\\\/www.arcomet7.com\\\/en\\\/#website\",\"url\":\"https:\\\/\\\/www.arcomet7.com\\\/en\\\/\",\"name\":\"ARCO MET7\",\"description\":\"Dise\u00f1o y fabricaci\u00f3n de maquinaria industrial. Empresa referente en el sector. Innovaci\u00f3n y fiabilidad son nuestras bases para cualquier proyecto\",\"publisher\":{\"@id\":\"https:\\\/\\\/www.arcomet7.com\\\/en\\\/#organization\"},\"potentialAction\":[{\"@type\":\"SearchAction\",\"target\":{\"@type\":\"EntryPoint\",\"urlTemplate\":\"https:\\\/\\\/www.arcomet7.com\\\/en\\\/?s={search_term_string}\"},\"query-input\":{\"@type\":\"PropertyValueSpecification\",\"valueRequired\":true,\"valueName\":\"search_term_string\"}}],\"inLanguage\":\"en-US\"},{\"@type\":\"Organization\",\"@id\":\"https:\\\/\\\/www.arcomet7.com\\\/en\\\/#organization\",\"name\":\"ARCO MET7\",\"url\":\"https:\\\/\\\/www.arcomet7.com\\\/en\\\/\",\"logo\":{\"@type\":\"ImageObject\",\"inLanguage\":\"en-US\",\"@id\":\"https:\\\/\\\/www.arcomet7.com\\\/en\\\/#\\\/schema\\\/logo\\\/image\\\/\",\"url\":\"https:\\\/\\\/www.arcomet7.com\\\/wp-content\\\/uploads\\\/logo-arcomet7.png\",\"contentUrl\":\"https:\\\/\\\/www.arcomet7.com\\\/wp-content\\\/uploads\\\/logo-arcomet7.png\",\"width\":300,\"height\":26,\"caption\":\"ARCO MET7\"},\"image\":{\"@id\":\"https:\\\/\\\/www.arcomet7.com\\\/en\\\/#\\\/schema\\\/logo\\\/image\\\/\"}}]}<\/script>\n<!-- \/ Yoast SEO Premium plugin. -->","yoast_head_json":{"title":"Engineering and projects - ARCO MET7","description":"We design the most suitable project for your company; we have the most qualified staff in the sectors we work in.","robots":{"index":"index","follow":"follow","max-snippet":"max-snippet:-1","max-image-preview":"max-image-preview:large","max-video-preview":"max-video-preview:-1"},"canonical":"https:\/\/www.arcomet7.com\/en\/engineering-and-projects\/","og_locale":"en_US","og_type":"article","og_title":"Engineering and projects","og_description":"We design the most suitable project for your company; we have the most qualified staff in the sectors we work in.","og_url":"https:\/\/www.arcomet7.com\/en\/engineering-and-projects\/","og_site_name":"ARCO MET7","article_modified_time":"2025-08-13T09:28:22+00:00","og_image":[{"url":"https:\/\/www.arcomet7.com\/wp-content\/uploads\/planta-prefabricado-1-883x1024.png","type":"","width":"","height":""}],"twitter_card":"summary_large_image","twitter_misc":{"Est. reading time":"2 minutes"},"schema":{"@context":"https:\/\/schema.org","@graph":[{"@type":"WebPage","@id":"https:\/\/www.arcomet7.com\/en\/engineering-and-projects\/","url":"https:\/\/www.arcomet7.com\/en\/engineering-and-projects\/","name":"Engineering and projects - ARCO MET7","isPartOf":{"@id":"https:\/\/www.arcomet7.com\/en\/#website"},"primaryImageOfPage":{"@id":"https:\/\/www.arcomet7.com\/en\/engineering-and-projects\/#primaryimage"},"image":{"@id":"https:\/\/www.arcomet7.com\/en\/engineering-and-projects\/#primaryimage"},"thumbnailUrl":"https:\/\/www.arcomet7.com\/wp-content\/uploads\/planta-prefabricado-1-883x1024.png","datePublished":"2022-05-26T10:51:49+00:00","dateModified":"2025-08-13T09:28:22+00:00","description":"We design the most suitable project for your company; we have the most qualified staff in the sectors we work in.","breadcrumb":{"@id":"https:\/\/www.arcomet7.com\/en\/engineering-and-projects\/#breadcrumb"},"inLanguage":"en-US","potentialAction":[{"@type":"ReadAction","target":["https:\/\/www.arcomet7.com\/en\/engineering-and-projects\/"]}]},{"@type":"ImageObject","inLanguage":"en-US","@id":"https:\/\/www.arcomet7.com\/en\/engineering-and-projects\/#primaryimage","url":"https:\/\/www.arcomet7.com\/wp-content\/uploads\/planta-prefabricado-1-883x1024.png","contentUrl":"https:\/\/www.arcomet7.com\/wp-content\/uploads\/planta-prefabricado-1-883x1024.png"},{"@type":"BreadcrumbList","@id":"https:\/\/www.arcomet7.com\/en\/engineering-and-projects\/#breadcrumb","itemListElement":[{"@type":"ListItem","position":1,"name":"Inicio","item":"https:\/\/www.arcomet7.com\/en\/"},{"@type":"ListItem","position":2,"name":"Engineering and projects"}]},{"@type":"WebSite","@id":"https:\/\/www.arcomet7.com\/en\/#website","url":"https:\/\/www.arcomet7.com\/en\/","name":"ARCO MET7","description":"Dise\u00f1o y fabricaci\u00f3n de maquinaria industrial. Empresa referente en el sector. Innovaci\u00f3n y fiabilidad son nuestras bases para cualquier proyecto","publisher":{"@id":"https:\/\/www.arcomet7.com\/en\/#organization"},"potentialAction":[{"@type":"SearchAction","target":{"@type":"EntryPoint","urlTemplate":"https:\/\/www.arcomet7.com\/en\/?s={search_term_string}"},"query-input":{"@type":"PropertyValueSpecification","valueRequired":true,"valueName":"search_term_string"}}],"inLanguage":"en-US"},{"@type":"Organization","@id":"https:\/\/www.arcomet7.com\/en\/#organization","name":"ARCO MET7","url":"https:\/\/www.arcomet7.com\/en\/","logo":{"@type":"ImageObject","inLanguage":"en-US","@id":"https:\/\/www.arcomet7.com\/en\/#\/schema\/logo\/image\/","url":"https:\/\/www.arcomet7.com\/wp-content\/uploads\/logo-arcomet7.png","contentUrl":"https:\/\/www.arcomet7.com\/wp-content\/uploads\/logo-arcomet7.png","width":300,"height":26,"caption":"ARCO MET7"},"image":{"@id":"https:\/\/www.arcomet7.com\/en\/#\/schema\/logo\/image\/"}}]}},"_links":{"self":[{"href":"https:\/\/www.arcomet7.com\/en\/wp-json\/wp\/v2\/pages\/8326","targetHints":{"allow":["GET"]}}],"collection":[{"href":"https:\/\/www.arcomet7.com\/en\/wp-json\/wp\/v2\/pages"}],"about":[{"href":"https:\/\/www.arcomet7.com\/en\/wp-json\/wp\/v2\/types\/page"}],"author":[{"embeddable":true,"href":"https:\/\/www.arcomet7.com\/en\/wp-json\/wp\/v2\/users\/1"}],"replies":[{"embeddable":true,"href":"https:\/\/www.arcomet7.com\/en\/wp-json\/wp\/v2\/comments?post=8326"}],"version-history":[{"count":22,"href":"https:\/\/www.arcomet7.com\/en\/wp-json\/wp\/v2\/pages\/8326\/revisions"}],"predecessor-version":[{"id":20388,"href":"https:\/\/www.arcomet7.com\/en\/wp-json\/wp\/v2\/pages\/8326\/revisions\/20388"}],"wp:attachment":[{"href":"https:\/\/www.arcomet7.com\/en\/wp-json\/wp\/v2\/media?parent=8326"}],"curies":[{"name":"wp","href":"https:\/\/api.w.org\/{rel}","templated":true}]}}