{"id":13402,"date":"2023-01-31T13:16:00","date_gmt":"2023-01-31T12:16:00","guid":{"rendered":"https:\/\/www.arcomet7.com\/?page_id=13402"},"modified":"2025-08-13T13:00:00","modified_gmt":"2025-08-13T11:00:00","slug":"after-sales-services","status":"publish","type":"page","link":"https:\/\/www.arcomet7.com\/en\/after-sales-services\/","title":{"rendered":"After sales-services"},"content":{"rendered":"\t\t<div data-elementor-type=\"wp-page\" data-elementor-id=\"13402\" class=\"elementor elementor-13402 elementor-13397\" data-elementor-post-type=\"page\">\n\t\t\t\t\t\t<section data-particle_enable=\"false\" data-particle-mobile-disabled=\"false\" class=\"elementor-section elementor-top-section elementor-element elementor-element-056edfb elementor-section-full_width elementor-section-height-default elementor-section-height-default\" data-id=\"056edfb\" data-element_type=\"section\" data-e-type=\"section\">\n\t\t\t\t\t\t<div class=\"elementor-container elementor-column-gap-default\">\n\t\t\t\t\t<div class=\"elementor-column elementor-col-100 elementor-top-column elementor-element elementor-element-92de518\" data-id=\"92de518\" data-element_type=\"column\" data-e-type=\"column\" data-settings=\"{&quot;background_background&quot;:&quot;classic&quot;}\">\n\t\t\t<div class=\"elementor-widget-wrap elementor-element-populated\">\n\t\t\t\t\t\t\t<\/div>\n\t\t<\/div>\n\t\t\t\t\t<\/div>\n\t\t<\/section>\n\t\t\t\t<section data-particle_enable=\"false\" data-particle-mobile-disabled=\"false\" class=\"elementor-section elementor-top-section elementor-element elementor-element-9220898 elementor-section-boxed elementor-section-height-default elementor-section-height-default\" data-id=\"9220898\" data-element_type=\"section\" data-e-type=\"section\">\n\t\t\t\t\t\t<div class=\"elementor-container elementor-column-gap-default\">\n\t\t\t\t\t<div class=\"elementor-column elementor-col-100 elementor-top-column elementor-element elementor-element-6ea8f4d\" data-id=\"6ea8f4d\" data-element_type=\"column\" data-e-type=\"column\">\n\t\t\t<div class=\"elementor-widget-wrap elementor-element-populated\">\n\t\t\t\t\t\t<div class=\"elementor-element elementor-element-dd87784 elementor-widget elementor-widget-heading\" data-id=\"dd87784\" data-element_type=\"widget\" data-e-type=\"widget\" data-widget_type=\"heading.default\">\n\t\t\t\t<div class=\"elementor-widget-container\">\n\t\t\t\t\t<h2 class=\"elementor-heading-title elementor-size-default\">Our services are tailored to you<\/h2>\t\t\t\t<\/div>\n\t\t\t\t<\/div>\n\t\t\t\t\t<\/div>\n\t\t<\/div>\n\t\t\t\t\t<\/div>\n\t\t<\/section>\n\t\t\t\t<section data-particle_enable=\"false\" data-particle-mobile-disabled=\"false\" class=\"elementor-section elementor-top-section elementor-element elementor-element-47466e2 elementor-section-content-middle elementor-section-boxed elementor-section-height-default elementor-section-height-default\" data-id=\"47466e2\" data-element_type=\"section\" data-e-type=\"section\" data-settings=\"{&quot;background_background&quot;:&quot;classic&quot;}\">\n\t\t\t\t\t\t\t<div class=\"elementor-background-overlay\"><\/div>\n\t\t\t\t\t\t\t<div class=\"elementor-container elementor-column-gap-no\">\n\t\t\t\t\t<div class=\"elementor-column elementor-col-33 elementor-top-column elementor-element elementor-element-8cccd88\" data-id=\"8cccd88\" data-element_type=\"column\" data-e-type=\"column\">\n\t\t\t<div class=\"elementor-widget-wrap elementor-element-populated\">\n\t\t\t\t\t\t<div class=\"elementor-element elementor-element-b6c5b4f elementor-view-default elementor-position-block-start elementor-mobile-position-block-start elementor-widget elementor-widget-icon-box\" data-id=\"b6c5b4f\" data-element_type=\"widget\" data-e-type=\"widget\" data-widget_type=\"icon-box.default\">\n\t\t\t\t<div class=\"elementor-widget-container\">\n\t\t\t\t\t\t\t<div class=\"elementor-icon-box-wrapper\">\n\n\t\t\t\t\t\t<div class=\"elementor-icon-box-icon\">\n\t\t\t\t<span  class=\"elementor-icon\">\n\t\t\t\t<i aria-hidden=\"true\" class=\"fas fa-headset\"><\/i>\t\t\t\t<\/span>\n\t\t\t<\/div>\n\t\t\t\n\t\t\t\t\t\t<div class=\"elementor-icon-box-content\">\n\n\t\t\t\t\t\t\t\t\t<h3 class=\"elementor-icon-box-title\">\n\t\t\t\t\t\t<span  >\n\t\t\t\t\t\t\tRemote maintenance\t\t\t\t\t\t<\/span>\n\t\t\t\t\t<\/h3>\n\t\t\t\t\n\t\t\t\t\t\t\t\t\t<p class=\"elementor-icon-box-description\">\n\t\t\t\t\t\tTelematic and telephone support services for the resolution of incidents that allow remote management of the plant.<br><br> One of Arcomet7's technicians will remotely control the plant's computer, thus resolving any electrical or computer issues.<br><br>Advantages:<ul><li>\nDecrease maintenance costs by avoiding the relocation of operators to resolve computer and electrical incidents in the machinery and\/or plant.<\/li><li>\nMinimise downtime, resolving incidents in a matter of minutes.<\/li><li>\nHigh level of service and attention during business hours, guaranteeing that incidents are resolved quickly and effectively.<\/li><\/ul>\n\t\t\t\t\t<\/p>\n\t\t\t\t\n\t\t\t<\/div>\n\t\t\t\n\t\t<\/div>\n\t\t\t\t\t\t<\/div>\n\t\t\t\t<\/div>\n\t\t\t\t\t<\/div>\n\t\t<\/div>\n\t\t\t\t<div class=\"elementor-column elementor-col-33 elementor-top-column elementor-element elementor-element-2393503\" data-id=\"2393503\" data-element_type=\"column\" data-e-type=\"column\">\n\t\t\t<div class=\"elementor-widget-wrap elementor-element-populated\">\n\t\t\t\t\t\t<div class=\"elementor-element elementor-element-897c983 elementor-view-default elementor-position-block-start elementor-mobile-position-block-start elementor-widget elementor-widget-icon-box\" data-id=\"897c983\" data-element_type=\"widget\" data-e-type=\"widget\" data-widget_type=\"icon-box.default\">\n\t\t\t\t<div class=\"elementor-widget-container\">\n\t\t\t\t\t\t\t<div class=\"elementor-icon-box-wrapper\">\n\n\t\t\t\t\t\t<div class=\"elementor-icon-box-icon\">\n\t\t\t\t<span  class=\"elementor-icon\">\n\t\t\t\t<i aria-hidden=\"true\" class=\"fas fa-tools\"><\/i>\t\t\t\t<\/span>\n\t\t\t<\/div>\n\t\t\t\n\t\t\t\t\t\t<div class=\"elementor-icon-box-content\">\n\n\t\t\t\t\t\t\t\t\t<h3 class=\"elementor-icon-box-title\">\n\t\t\t\t\t\t<span  >\n\t\t\t\t\t\t\tSpare parts\t\t\t\t\t\t<\/span>\n\t\t\t\t\t<\/h3>\n\t\t\t\t\n\t\t\t\t\t\t\t\t\t<p class=\"elementor-icon-box-description\">\n\t\t\t\t\t\tOur spare parts service provides you with the necessary spare parts so that you can continue to make good use of our products.\n<br><br>Just like our remote maintenance, our after-sales service is distinguished by providing a rapid response with the necessary spare parts, avoiding lengthy downtime and performance of your company's machines.<br><br>\nThe required material will be delivered to you as soon as possible, with the corresponding supervision of the parts up to your location. Do not hesitate to contact us, we are at your disposal.\t\t\t\t\t<\/p>\n\t\t\t\t\n\t\t\t<\/div>\n\t\t\t\n\t\t<\/div>\n\t\t\t\t\t\t<\/div>\n\t\t\t\t<\/div>\n\t\t\t\t\t<\/div>\n\t\t<\/div>\n\t\t\t\t<div class=\"elementor-column elementor-col-33 elementor-top-column elementor-element elementor-element-c711ced\" data-id=\"c711ced\" data-element_type=\"column\" data-e-type=\"column\">\n\t\t\t<div class=\"elementor-widget-wrap elementor-element-populated\">\n\t\t\t\t\t\t<div class=\"elementor-element elementor-element-2091d4d elementor-view-default elementor-position-block-start elementor-mobile-position-block-start elementor-widget elementor-widget-icon-box\" data-id=\"2091d4d\" data-element_type=\"widget\" data-e-type=\"widget\" data-widget_type=\"icon-box.default\">\n\t\t\t\t<div class=\"elementor-widget-container\">\n\t\t\t\t\t\t\t<div class=\"elementor-icon-box-wrapper\">\n\n\t\t\t\t\t\t<div class=\"elementor-icon-box-icon\">\n\t\t\t\t<span  class=\"elementor-icon\">\n\t\t\t\t<i aria-hidden=\"true\" class=\"fas fa-toolbox\"><\/i>\t\t\t\t<\/span>\n\t\t\t<\/div>\n\t\t\t\n\t\t\t\t\t\t<div class=\"elementor-icon-box-content\">\n\n\t\t\t\t\t\t\t\t\t<h3 class=\"elementor-icon-box-title\">\n\t\t\t\t\t\t<span  >\n\t\t\t\t\t\t\tMaintenance\t\t\t\t\t\t<\/span>\n\t\t\t\t\t<\/h3>\n\t\t\t\t\n\t\t\t\t\t\t\t\t\t<p class=\"elementor-icon-box-description\">\n\t\t\t\t\t\tWe have specialized technicians who, through our maintenance services:<br><br><ul><li>They perform periodic reviews of the product's functionality and condition.<\/li>\n<li>They check the mechanical and electrical components of the parts that require it.<\/li>\n<li>Future repairs decrease<\/li>\n<li>detailed report<\/li>\n<li>They guarantee the good condition\nof the equipment<\/li><\/ul>\nContact us so we can explain the conditions to you.\t\t\t\t\t<\/p>\n\t\t\t\t\n\t\t\t<\/div>\n\t\t\t\n\t\t<\/div>\n\t\t\t\t\t\t<\/div>\n\t\t\t\t<\/div>\n\t\t\t\t\t<\/div>\n\t\t<\/div>\n\t\t\t\t\t<\/div>\n\t\t<\/section>\n\t\t\t\t<section data-particle_enable=\"false\" data-particle-mobile-disabled=\"false\" class=\"elementor-section elementor-top-section elementor-element elementor-element-bf7251b elementor-section-content-middle elementor-section-full_width elementor-section-height-default elementor-section-height-default\" data-id=\"bf7251b\" data-element_type=\"section\" data-e-type=\"section\" data-settings=\"{&quot;background_background&quot;:&quot;classic&quot;}\">\n\t\t\t\t\t\t<div class=\"elementor-container elementor-column-gap-no\">\n\t\t\t\t\t<div class=\"elementor-column elementor-col-50 elementor-top-column elementor-element elementor-element-8fee97b\" data-id=\"8fee97b\" data-element_type=\"column\" data-e-type=\"column\">\n\t\t\t<div class=\"elementor-widget-wrap elementor-element-populated\">\n\t\t\t\t\t\t<div class=\"elementor-element elementor-element-bfed8f1 elementor-widget elementor-widget-heading\" data-id=\"bfed8f1\" data-element_type=\"widget\" data-e-type=\"widget\" data-widget_type=\"heading.default\">\n\t\t\t\t<div class=\"elementor-widget-container\">\n\t\t\t\t\t<h2 class=\"elementor-heading-title elementor-size-default\">CAN WE HELP YOU?<\/h2>\t\t\t\t<\/div>\n\t\t\t\t<\/div>\n\t\t\t\t\t<\/div>\n\t\t<\/div>\n\t\t\t\t<div class=\"elementor-column elementor-col-50 elementor-top-column elementor-element elementor-element-7d722e9\" data-id=\"7d722e9\" data-element_type=\"column\" data-e-type=\"column\" data-settings=\"{&quot;background_background&quot;:&quot;classic&quot;}\">\n\t\t\t<div class=\"elementor-widget-wrap elementor-element-populated\">\n\t\t\t\t\t\t<div class=\"elementor-element elementor-element-64ea0f4 elementor-align-center elementor-widget elementor-widget-button\" data-id=\"64ea0f4\" data-element_type=\"widget\" data-e-type=\"widget\" data-widget_type=\"button.default\">\n\t\t\t\t<div class=\"elementor-widget-container\">\n\t\t\t\t\t\t\t\t\t<div class=\"elementor-button-wrapper\">\n\t\t\t\t\t<a class=\"elementor-button elementor-button-link elementor-size-sm\" href=\"https:\/\/www.arcomet7.com\/en\/contact\/\">\n\t\t\t\t\t\t<span class=\"elementor-button-content-wrapper\">\n\t\t\t\t\t\t\t\t\t<span class=\"elementor-button-text\">CONTACT US<\/span>\n\t\t\t\t\t<\/span>\n\t\t\t\t\t<\/a>\n\t\t\t\t<\/div>\n\t\t\t\t\t\t\t\t<\/div>\n\t\t\t\t<\/div>\n\t\t\t\t\t<\/div>\n\t\t<\/div>\n\t\t\t\t\t<\/div>\n\t\t<\/section>\n\t\t\t\t<\/div>\n\t\t","protected":false},"excerpt":{"rendered":"<p>Our services are tailored to you Remote maintenance Telematic and telephone support services for the resolution of incidents that allow remote management of the plant. One of Arcomet7&#8217;s technicians will remotely control the plant&#8217;s computer, thus resolving any electrical or computer issues. Advantages: Decrease maintenance costs by avoiding the relocation of operators to resolve computer [&hellip;]<\/p>\n","protected":false},"author":2,"featured_media":0,"parent":0,"menu_order":0,"comment_status":"closed","ping_status":"closed","template":"","meta":{"site-sidebar-layout":"no-sidebar","site-content-layout":"page-builder","ast-site-content-layout":"full-width-container","site-content-style":"unboxed","site-sidebar-style":"unboxed","ast-global-header-display":"","ast-banner-title-visibility":"","ast-main-header-display":"","ast-hfb-above-header-display":"","ast-hfb-below-header-display":"","ast-hfb-mobile-header-display":"","site-post-title":"disabled","ast-breadcrumbs-content":"","ast-featured-img":"","footer-sml-layout":"","ast-disable-related-posts":"","theme-transparent-header-meta":"default","adv-header-id-meta":"","stick-header-meta":"","header-above-stick-meta":"","header-main-stick-meta":"","header-below-stick-meta":"","astra-migrate-meta-layouts":"default","ast-page-background-enabled":"default","ast-page-background-meta":{"desktop":{"background-color":"","background-image":"","background-repeat":"repeat","background-position":"center center","background-size":"auto","background-attachment":"scroll","background-type":"","background-media":"","overlay-type":"","overlay-color":"","overlay-opacity":"","overlay-gradient":""},"tablet":{"background-color":"","background-image":"","background-repeat":"repeat","background-position":"center center","background-size":"auto","background-attachment":"scroll","background-type":"","background-media":"","overlay-type":"","overlay-color":"","overlay-opacity":"","overlay-gradient":""},"mobile":{"background-color":"","background-image":"","background-repeat":"repeat","background-position":"center center","background-size":"auto","background-attachment":"scroll","background-type":"","background-media":"","overlay-type":"","overlay-color":"","overlay-opacity":"","overlay-gradient":""}},"ast-content-background-meta":{"desktop":{"background-color":"var(--ast-global-color-5)","background-image":"","background-repeat":"repeat","background-position":"center center","background-size":"auto","background-attachment":"scroll","background-type":"","background-media":"","overlay-type":"","overlay-color":"","overlay-opacity":"","overlay-gradient":""},"tablet":{"background-color":"var(--ast-global-color-5)","background-image":"","background-repeat":"repeat","background-position":"center center","background-size":"auto","background-attachment":"scroll","background-type":"","background-media":"","overlay-type":"","overlay-color":"","overlay-opacity":"","overlay-gradient":""},"mobile":{"background-color":"var(--ast-global-color-5)","background-image":"","background-repeat":"repeat","background-position":"center center","background-size":"auto","background-attachment":"scroll","background-type":"","background-media":"","overlay-type":"","overlay-color":"","overlay-opacity":"","overlay-gradient":""}},"footnotes":""},"class_list":["post-13402","page","type-page","status-publish","hentry"],"yoast_head":"<!-- This site is optimized with the Yoast SEO Premium plugin v27.4 (Yoast SEO v27.4) - https:\/\/yoast.com\/product\/yoast-seo-premium-wordpress\/ -->\n<title>After sales-services - ARCO MET7<\/title>\n<meta name=\"description\" content=\"Arco Met7 S.L. offers after-sales services such as remote maintenance, maintenance contracts, and spare parts.\" \/>\n<meta name=\"robots\" content=\"index, follow, max-snippet:-1, max-image-preview:large, max-video-preview:-1\" \/>\n<link rel=\"canonical\" href=\"https:\/\/www.arcomet7.com\/en\/after-sales-services\/\" \/>\n<meta property=\"og:locale\" content=\"en_US\" \/>\n<meta property=\"og:type\" content=\"article\" \/>\n<meta property=\"og:title\" content=\"After sales-services\" \/>\n<meta property=\"og:description\" content=\"Arco Met7 S.L. offers after-sales services such as remote maintenance, maintenance contracts, and spare parts.\" \/>\n<meta property=\"og:url\" content=\"https:\/\/www.arcomet7.com\/en\/after-sales-services\/\" \/>\n<meta property=\"og:site_name\" content=\"ARCO MET7\" \/>\n<meta property=\"article:modified_time\" content=\"2025-08-13T11:00:00+00:00\" \/>\n<meta name=\"twitter:card\" content=\"summary_large_image\" \/>\n<meta name=\"twitter:label1\" content=\"Est. reading time\" \/>\n\t<meta name=\"twitter:data1\" content=\"2 minutes\" \/>\n<script type=\"application\/ld+json\" class=\"yoast-schema-graph\">{\"@context\":\"https:\\\/\\\/schema.org\",\"@graph\":[{\"@type\":\"WebPage\",\"@id\":\"https:\\\/\\\/www.arcomet7.com\\\/en\\\/after-sales-services\\\/\",\"url\":\"https:\\\/\\\/www.arcomet7.com\\\/en\\\/after-sales-services\\\/\",\"name\":\"After sales-services - ARCO MET7\",\"isPartOf\":{\"@id\":\"https:\\\/\\\/www.arcomet7.com\\\/en\\\/#website\"},\"datePublished\":\"2023-01-31T12:16:00+00:00\",\"dateModified\":\"2025-08-13T11:00:00+00:00\",\"description\":\"Arco Met7 S.L. offers after-sales services such as remote maintenance, maintenance contracts, and spare parts.\",\"breadcrumb\":{\"@id\":\"https:\\\/\\\/www.arcomet7.com\\\/en\\\/after-sales-services\\\/#breadcrumb\"},\"inLanguage\":\"en-US\",\"potentialAction\":[{\"@type\":\"ReadAction\",\"target\":[\"https:\\\/\\\/www.arcomet7.com\\\/en\\\/after-sales-services\\\/\"]}]},{\"@type\":\"BreadcrumbList\",\"@id\":\"https:\\\/\\\/www.arcomet7.com\\\/en\\\/after-sales-services\\\/#breadcrumb\",\"itemListElement\":[{\"@type\":\"ListItem\",\"position\":1,\"name\":\"Inicio\",\"item\":\"https:\\\/\\\/www.arcomet7.com\\\/en\\\/\"},{\"@type\":\"ListItem\",\"position\":2,\"name\":\"After sales-services\"}]},{\"@type\":\"WebSite\",\"@id\":\"https:\\\/\\\/www.arcomet7.com\\\/en\\\/#website\",\"url\":\"https:\\\/\\\/www.arcomet7.com\\\/en\\\/\",\"name\":\"ARCO MET7\",\"description\":\"Dise\u00f1o y fabricaci\u00f3n de maquinaria industrial. Empresa referente en el sector. Innovaci\u00f3n y fiabilidad son nuestras bases para cualquier proyecto\",\"publisher\":{\"@id\":\"https:\\\/\\\/www.arcomet7.com\\\/en\\\/#organization\"},\"potentialAction\":[{\"@type\":\"SearchAction\",\"target\":{\"@type\":\"EntryPoint\",\"urlTemplate\":\"https:\\\/\\\/www.arcomet7.com\\\/en\\\/?s={search_term_string}\"},\"query-input\":{\"@type\":\"PropertyValueSpecification\",\"valueRequired\":true,\"valueName\":\"search_term_string\"}}],\"inLanguage\":\"en-US\"},{\"@type\":\"Organization\",\"@id\":\"https:\\\/\\\/www.arcomet7.com\\\/en\\\/#organization\",\"name\":\"ARCO MET7\",\"url\":\"https:\\\/\\\/www.arcomet7.com\\\/en\\\/\",\"logo\":{\"@type\":\"ImageObject\",\"inLanguage\":\"en-US\",\"@id\":\"https:\\\/\\\/www.arcomet7.com\\\/en\\\/#\\\/schema\\\/logo\\\/image\\\/\",\"url\":\"https:\\\/\\\/www.arcomet7.com\\\/wp-content\\\/uploads\\\/logo-arcomet7.png\",\"contentUrl\":\"https:\\\/\\\/www.arcomet7.com\\\/wp-content\\\/uploads\\\/logo-arcomet7.png\",\"width\":300,\"height\":26,\"caption\":\"ARCO MET7\"},\"image\":{\"@id\":\"https:\\\/\\\/www.arcomet7.com\\\/en\\\/#\\\/schema\\\/logo\\\/image\\\/\"}}]}<\/script>\n<!-- \/ Yoast SEO Premium plugin. -->","yoast_head_json":{"title":"After sales-services - ARCO MET7","description":"Arco Met7 S.L. offers after-sales services such as remote maintenance, maintenance contracts, and spare parts.","robots":{"index":"index","follow":"follow","max-snippet":"max-snippet:-1","max-image-preview":"max-image-preview:large","max-video-preview":"max-video-preview:-1"},"canonical":"https:\/\/www.arcomet7.com\/en\/after-sales-services\/","og_locale":"en_US","og_type":"article","og_title":"After sales-services","og_description":"Arco Met7 S.L. offers after-sales services such as remote maintenance, maintenance contracts, and spare parts.","og_url":"https:\/\/www.arcomet7.com\/en\/after-sales-services\/","og_site_name":"ARCO MET7","article_modified_time":"2025-08-13T11:00:00+00:00","twitter_card":"summary_large_image","twitter_misc":{"Est. reading time":"2 minutes"},"schema":{"@context":"https:\/\/schema.org","@graph":[{"@type":"WebPage","@id":"https:\/\/www.arcomet7.com\/en\/after-sales-services\/","url":"https:\/\/www.arcomet7.com\/en\/after-sales-services\/","name":"After sales-services - ARCO MET7","isPartOf":{"@id":"https:\/\/www.arcomet7.com\/en\/#website"},"datePublished":"2023-01-31T12:16:00+00:00","dateModified":"2025-08-13T11:00:00+00:00","description":"Arco Met7 S.L. offers after-sales services such as remote maintenance, maintenance contracts, and spare parts.","breadcrumb":{"@id":"https:\/\/www.arcomet7.com\/en\/after-sales-services\/#breadcrumb"},"inLanguage":"en-US","potentialAction":[{"@type":"ReadAction","target":["https:\/\/www.arcomet7.com\/en\/after-sales-services\/"]}]},{"@type":"BreadcrumbList","@id":"https:\/\/www.arcomet7.com\/en\/after-sales-services\/#breadcrumb","itemListElement":[{"@type":"ListItem","position":1,"name":"Inicio","item":"https:\/\/www.arcomet7.com\/en\/"},{"@type":"ListItem","position":2,"name":"After sales-services"}]},{"@type":"WebSite","@id":"https:\/\/www.arcomet7.com\/en\/#website","url":"https:\/\/www.arcomet7.com\/en\/","name":"ARCO MET7","description":"Dise\u00f1o y fabricaci\u00f3n de maquinaria industrial. Empresa referente en el sector. Innovaci\u00f3n y fiabilidad son nuestras bases para cualquier proyecto","publisher":{"@id":"https:\/\/www.arcomet7.com\/en\/#organization"},"potentialAction":[{"@type":"SearchAction","target":{"@type":"EntryPoint","urlTemplate":"https:\/\/www.arcomet7.com\/en\/?s={search_term_string}"},"query-input":{"@type":"PropertyValueSpecification","valueRequired":true,"valueName":"search_term_string"}}],"inLanguage":"en-US"},{"@type":"Organization","@id":"https:\/\/www.arcomet7.com\/en\/#organization","name":"ARCO MET7","url":"https:\/\/www.arcomet7.com\/en\/","logo":{"@type":"ImageObject","inLanguage":"en-US","@id":"https:\/\/www.arcomet7.com\/en\/#\/schema\/logo\/image\/","url":"https:\/\/www.arcomet7.com\/wp-content\/uploads\/logo-arcomet7.png","contentUrl":"https:\/\/www.arcomet7.com\/wp-content\/uploads\/logo-arcomet7.png","width":300,"height":26,"caption":"ARCO MET7"},"image":{"@id":"https:\/\/www.arcomet7.com\/en\/#\/schema\/logo\/image\/"}}]}},"_links":{"self":[{"href":"https:\/\/www.arcomet7.com\/en\/wp-json\/wp\/v2\/pages\/13402","targetHints":{"allow":["GET"]}}],"collection":[{"href":"https:\/\/www.arcomet7.com\/en\/wp-json\/wp\/v2\/pages"}],"about":[{"href":"https:\/\/www.arcomet7.com\/en\/wp-json\/wp\/v2\/types\/page"}],"author":[{"embeddable":true,"href":"https:\/\/www.arcomet7.com\/en\/wp-json\/wp\/v2\/users\/2"}],"replies":[{"embeddable":true,"href":"https:\/\/www.arcomet7.com\/en\/wp-json\/wp\/v2\/comments?post=13402"}],"version-history":[{"count":5,"href":"https:\/\/www.arcomet7.com\/en\/wp-json\/wp\/v2\/pages\/13402\/revisions"}],"predecessor-version":[{"id":20426,"href":"https:\/\/www.arcomet7.com\/en\/wp-json\/wp\/v2\/pages\/13402\/revisions\/20426"}],"wp:attachment":[{"href":"https:\/\/www.arcomet7.com\/en\/wp-json\/wp\/v2\/media?parent=13402"}],"curies":[{"name":"wp","href":"https:\/\/api.w.org\/{rel}","templated":true}]}}