{"id":11360,"date":"2023-01-03T13:25:22","date_gmt":"2023-01-03T12:25:22","guid":{"rendered":"https:\/\/www.arcomet7.com\/pneumatic-transport\/"},"modified":"2025-11-10T11:04:17","modified_gmt":"2025-11-10T10:04:17","slug":"pneumatic-transport","status":"publish","type":"page","link":"https:\/\/www.arcomet7.com\/en\/pneumatic-transport\/","title":{"rendered":"Pneumatic conveying"},"content":{"rendered":"\t\t<div data-elementor-type=\"wp-page\" data-elementor-id=\"11360\" class=\"elementor elementor-11360 elementor-4222\" data-elementor-post-type=\"page\">\n\t\t\t\t\t\t<section data-particle_enable=\"false\" data-particle-mobile-disabled=\"false\" class=\"elementor-section elementor-top-section elementor-element elementor-element-c5a1f12 elementor-section-full_width elementor-section-height-default elementor-section-height-default\" data-id=\"c5a1f12\" data-element_type=\"section\" data-e-type=\"section\">\n\t\t\t\t\t\t<div class=\"elementor-container elementor-column-gap-default\">\n\t\t\t\t\t<div class=\"elementor-column elementor-col-100 elementor-top-column elementor-element elementor-element-77a7a0e\" data-id=\"77a7a0e\" data-element_type=\"column\" data-e-type=\"column\" data-settings=\"{&quot;background_background&quot;:&quot;classic&quot;}\">\n\t\t\t<div class=\"elementor-widget-wrap elementor-element-populated\">\n\t\t\t\t\t\t\t<\/div>\n\t\t<\/div>\n\t\t\t\t\t<\/div>\n\t\t<\/section>\n\t\t\t\t<section data-particle_enable=\"false\" data-particle-mobile-disabled=\"false\" class=\"elementor-section elementor-top-section elementor-element elementor-element-ae479d0 elementor-section-boxed elementor-section-height-default elementor-section-height-default\" data-id=\"ae479d0\" data-element_type=\"section\" data-e-type=\"section\" data-settings=\"{&quot;background_background&quot;:&quot;classic&quot;}\">\n\t\t\t\t\t\t<div class=\"elementor-container elementor-column-gap-default\">\n\t\t\t\t\t<div class=\"elementor-column elementor-col-100 elementor-top-column elementor-element elementor-element-f637d94\" data-id=\"f637d94\" data-element_type=\"column\" data-e-type=\"column\">\n\t\t\t<div class=\"elementor-widget-wrap elementor-element-populated\">\n\t\t\t\t\t\t<div class=\"elementor-element elementor-element-87b5ab9 elementor-widget elementor-widget-text-editor\" data-id=\"87b5ab9\" data-element_type=\"widget\" data-e-type=\"widget\" data-widget_type=\"text-editor.default\">\n\t\t\t\t<div class=\"elementor-widget-container\">\n\t\t\t\t\t\t\t\t\t<p>High-performance pneumatic conveying in dense or dilute phase, designed according to the materials to be conveyed. Customized study depending on dimensions and layout of the pipeline, as well as the operations of the system. Both allow a wide range of productions as well as both short and long runs.<\/p>\t\t\t\t\t\t\t\t<\/div>\n\t\t\t\t<\/div>\n\t\t\t\t<section data-particle_enable=\"false\" data-particle-mobile-disabled=\"false\" class=\"elementor-section elementor-inner-section elementor-element elementor-element-9bbe518 elementor-section-full_width elementor-section-height-default elementor-section-height-default\" data-id=\"9bbe518\" data-element_type=\"section\" data-e-type=\"section\">\n\t\t\t\t\t\t<div class=\"elementor-container elementor-column-gap-narrow\">\n\t\t\t\t\t<div class=\"make-column-clickable-elementor elementor-column elementor-col-33 elementor-inner-column elementor-element elementor-element-f35a4c8\" style=\"cursor: pointer;\" data-column-clickable=\"\/transporte-neumatico\/fase-densa\/\" data-column-clickable-blank=\"_self\" data-id=\"f35a4c8\" data-element_type=\"column\" data-e-type=\"column\" data-settings=\"{&quot;background_background&quot;:&quot;classic&quot;}\">\n\t\t\t<div class=\"elementor-widget-wrap elementor-element-populated\">\n\t\t\t\t\t<div class=\"elementor-background-overlay\"><\/div>\n\t\t\t\t\t\t<div class=\"elementor-element elementor-element-beabda3 elementor-widget elementor-widget-image\" data-id=\"beabda3\" data-element_type=\"widget\" data-e-type=\"widget\" data-widget_type=\"image.default\">\n\t\t\t\t<div class=\"elementor-widget-container\">\n\t\t\t\t\t\t\t\t\t\t\t\t\t\t\t\t<a href=\"https:\/\/www.arcomet7.com\/en\/pneumatic-transport\/dense-phase\/\">\n\t\t\t\t\t\t\t<img fetchpriority=\"high\" decoding=\"async\" width=\"768\" height=\"543\" src=\"https:\/\/www.arcomet7.com\/wp-content\/uploads\/transp-neumatico-fase-densa2-768x543.png\" class=\"attachment-medium_large size-medium_large wp-image-6953\" alt=\"transporte neumatico\" srcset=\"https:\/\/www.arcomet7.com\/wp-content\/uploads\/transp-neumatico-fase-densa2-768x543.png 768w, https:\/\/www.arcomet7.com\/wp-content\/uploads\/transp-neumatico-fase-densa2-300x212.png 300w, https:\/\/www.arcomet7.com\/wp-content\/uploads\/transp-neumatico-fase-densa2-1024x724.png 1024w, https:\/\/www.arcomet7.com\/wp-content\/uploads\/transp-neumatico-fase-densa2-1536x1087.png 1536w, https:\/\/www.arcomet7.com\/wp-content\/uploads\/transp-neumatico-fase-densa2.png 1600w\" sizes=\"(max-width: 768px) 100vw, 768px\" \/>\t\t\t\t\t\t\t\t<\/a>\n\t\t\t\t\t\t\t\t\t\t\t\t\t\t\t<\/div>\n\t\t\t\t<\/div>\n\t\t\t\t<div class=\"elementor-element elementor-element-9bee6da elementor-widget elementor-widget-text-editor\" data-id=\"9bee6da\" data-element_type=\"widget\" data-e-type=\"widget\" data-widget_type=\"text-editor.default\">\n\t\t\t\t<div class=\"elementor-widget-container\">\n\t\t\t\t\t\t\t\t\t<h3 class=\"elementor-heading-title elementor-size-default elementor-inline-editing pen\" style=\"text-align: center;\" contenteditable=\"true\" data-elementor-setting-key=\"title\" data-pen-placeholder=\"Teclea aqu\u00ed...\"><span style=\"color: #ffffff;\">Pneumatic Transport Dense Phase<\/span><\/h3><p style=\"text-align: center;\">By push under pressure, with slow transport speed and high load for delicate transport.<\/p>\t\t\t\t\t\t\t\t<\/div>\n\t\t\t\t<\/div>\n\t\t\t\t\t<\/div>\n\t\t<\/div>\n\t\t\t\t<div class=\"make-column-clickable-elementor elementor-column elementor-col-33 elementor-inner-column elementor-element elementor-element-e479198\" style=\"cursor: pointer;\" data-column-clickable=\"\/transporte-neumatico\/fase-diluida\/\" data-column-clickable-blank=\"_self\" data-id=\"e479198\" data-element_type=\"column\" data-e-type=\"column\" data-settings=\"{&quot;background_background&quot;:&quot;classic&quot;}\">\n\t\t\t<div class=\"elementor-widget-wrap elementor-element-populated\">\n\t\t\t\t\t<div class=\"elementor-background-overlay\"><\/div>\n\t\t\t\t\t\t<div class=\"elementor-element elementor-element-39257e8 elementor-widget elementor-widget-image\" data-id=\"39257e8\" data-element_type=\"widget\" data-e-type=\"widget\" data-widget_type=\"image.default\">\n\t\t\t\t<div class=\"elementor-widget-container\">\n\t\t\t\t\t\t\t\t\t\t\t\t\t\t\t\t<a href=\"https:\/\/www.arcomet7.com\/en\/pneumatic-transport\/dilute-phase\/\">\n\t\t\t\t\t\t\t<img decoding=\"async\" width=\"768\" height=\"543\" src=\"https:\/\/www.arcomet7.com\/wp-content\/uploads\/transp-neumatico-fase-diluida2-768x543.png\" class=\"attachment-medium_large size-medium_large wp-image-6967\" alt=\"transporte neumatico\" srcset=\"https:\/\/www.arcomet7.com\/wp-content\/uploads\/transp-neumatico-fase-diluida2-768x543.png 768w, https:\/\/www.arcomet7.com\/wp-content\/uploads\/transp-neumatico-fase-diluida2-300x212.png 300w, https:\/\/www.arcomet7.com\/wp-content\/uploads\/transp-neumatico-fase-diluida2-1024x724.png 1024w, https:\/\/www.arcomet7.com\/wp-content\/uploads\/transp-neumatico-fase-diluida2-1536x1087.png 1536w, https:\/\/www.arcomet7.com\/wp-content\/uploads\/transp-neumatico-fase-diluida2.png 1600w\" sizes=\"(max-width: 768px) 100vw, 768px\" \/>\t\t\t\t\t\t\t\t<\/a>\n\t\t\t\t\t\t\t\t\t\t\t\t\t\t\t<\/div>\n\t\t\t\t<\/div>\n\t\t\t\t<div class=\"elementor-element elementor-element-ed9fc46 elementor-widget elementor-widget-text-editor\" data-id=\"ed9fc46\" data-element_type=\"widget\" data-e-type=\"widget\" data-widget_type=\"text-editor.default\">\n\t\t\t\t<div class=\"elementor-widget-container\">\n\t\t\t\t\t\t\t\t\t<h3 style=\"text-align: center;\"><span style=\"color: #ffffff;\">Pneumatic Transport Dilute Phase<\/span><\/h3><p style=\"text-align: center;\">Conveying with low pressure push or vacuum, with high conveying speed.<\/p>\t\t\t\t\t\t\t\t<\/div>\n\t\t\t\t<\/div>\n\t\t\t\t\t<\/div>\n\t\t<\/div>\n\t\t\t\t<div class=\"elementor-column elementor-col-33 elementor-inner-column elementor-element elementor-element-f11c609\" data-id=\"f11c609\" data-element_type=\"column\" data-e-type=\"column\" data-settings=\"{&quot;background_background&quot;:&quot;classic&quot;}\">\n\t\t\t<div class=\"elementor-widget-wrap\">\n\t\t\t\t\t\t\t<\/div>\n\t\t<\/div>\n\t\t\t\t\t<\/div>\n\t\t<\/section>\n\t\t\t\t\t<\/div>\n\t\t<\/div>\n\t\t\t\t\t<\/div>\n\t\t<\/section>\n\t\t\t\t<section data-particle_enable=\"false\" data-particle-mobile-disabled=\"false\" class=\"elementor-section elementor-top-section elementor-element elementor-element-615b4de elementor-section-boxed elementor-section-height-default elementor-section-height-default\" data-id=\"615b4de\" data-element_type=\"section\" data-e-type=\"section\">\n\t\t\t\t\t\t\t<div class=\"elementor-background-overlay\"><\/div>\n\t\t\t\t\t\t\t<div class=\"elementor-container elementor-column-gap-default\">\n\t\t\t\t\t<div class=\"elementor-column elementor-col-50 elementor-top-column elementor-element elementor-element-92f5cac\" data-id=\"92f5cac\" data-element_type=\"column\" data-e-type=\"column\">\n\t\t\t<div class=\"elementor-widget-wrap elementor-element-populated\">\n\t\t\t\t\t\t<div class=\"elementor-element elementor-element-227765a elementor-widget elementor-widget-heading\" data-id=\"227765a\" data-element_type=\"widget\" data-e-type=\"widget\" data-widget_type=\"heading.default\">\n\t\t\t\t<div class=\"elementor-widget-container\">\n\t\t\t\t\t<h2 class=\"elementor-heading-title elementor-size-default\">Contact with us<\/h2>\t\t\t\t<\/div>\n\t\t\t\t<\/div>\n\t\t\t\t\t<\/div>\n\t\t<\/div>\n\t\t\t\t<div class=\"elementor-column elementor-col-50 elementor-top-column elementor-element elementor-element-9bf0145\" data-id=\"9bf0145\" data-element_type=\"column\" data-e-type=\"column\">\n\t\t\t<div class=\"elementor-widget-wrap elementor-element-populated\">\n\t\t\t\t\t\t<div class=\"elementor-element elementor-element-71fc939 eael-contact-form-7-button-align-left eael-contact-form-7-button-custom elementor-widget elementor-widget-eael-contact-form-7\" data-id=\"71fc939\" data-element_type=\"widget\" data-e-type=\"widget\" data-widget_type=\"eael-contact-form-7.default\">\n\t\t\t\t<div class=\"elementor-widget-container\">\n\t\t\t\t\t<div class=\"eael-contact-form-7-wrapper\">\n                <div class=\"eael-contact-form eael-contact-form-7 eael-contact-form-71fc939 placeholder-show eael-contact-form-align-default\">\n<div class=\"wpcf7 no-js\" id=\"wpcf7-f16140-o1\" lang=\"en-US\" dir=\"ltr\" data-wpcf7-id=\"16140\">\n<div class=\"screen-reader-response\"><p role=\"status\" aria-live=\"polite\" aria-atomic=\"true\"><\/p> <ul><\/ul><\/div>\n<form action=\"\/en\/wp-json\/wp\/v2\/pages\/11360#wpcf7-f16140-o1\" method=\"post\" class=\"wpcf7-form init wpcf7-acceptance-as-validation\" aria-label=\"Contact form\" novalidate=\"novalidate\" data-status=\"init\">\n<fieldset class=\"hidden-fields-container\"><input type=\"hidden\" name=\"_wpcf7\" value=\"16140\" \/><input type=\"hidden\" name=\"_wpcf7_version\" value=\"6.1.5\" \/><input type=\"hidden\" name=\"_wpcf7_locale\" value=\"en_US\" \/><input type=\"hidden\" name=\"_wpcf7_unit_tag\" value=\"wpcf7-f16140-o1\" \/><input type=\"hidden\" name=\"_wpcf7_container_post\" value=\"0\" \/><input type=\"hidden\" name=\"_wpcf7_posted_data_hash\" value=\"\" \/><input type=\"hidden\" name=\"_wpcf7_recaptcha_response\" value=\"\" \/>\n<\/fieldset>\n<div id=\"responsive-form\" class=\"clearfix\">\n\t<div class=\"form-row\">\n\t\t<div class=\"column-half\">\n\t\t\t<p><span class=\"wpcf7-form-control-wrap\" data-name=\"nombre\"><input size=\"40\" maxlength=\"400\" class=\"wpcf7-form-control wpcf7-text\" aria-invalid=\"false\" placeholder=\"Nombre\" value=\"\" type=\"text\" name=\"nombre\" \/><\/span>\n\t\t\t<\/p>\n\t\t<\/div>\n\t\t<div class=\"column-half\">\n\t\t\t<p><span class=\"wpcf7-form-control-wrap\" data-name=\"email\"><input size=\"40\" maxlength=\"400\" class=\"wpcf7-form-control wpcf7-email wpcf7-validates-as-required wpcf7-text wpcf7-validates-as-email\" aria-required=\"true\" aria-invalid=\"false\" placeholder=\"E-mail*\" value=\"\" type=\"email\" name=\"email\" \/><\/span>\n\t\t\t<\/p>\n\t\t<\/div>\n\t\t<div class=\"column-half\">\n\t\t\t<p><span class=\"wpcf7-form-control-wrap\" data-name=\"tel\"><input size=\"40\" maxlength=\"400\" class=\"wpcf7-form-control wpcf7-tel wpcf7-validates-as-required wpcf7-text wpcf7-validates-as-tel\" aria-required=\"true\" aria-invalid=\"false\" placeholder=\"Tel\u00e9fono*\" value=\"\" type=\"tel\" name=\"tel\" \/><\/span>\n\t\t\t<\/p>\n\t\t<\/div>\n\t<\/div>\n\t<div class=\"form-row\">\n\t\t<div class=\"column-half\">\n\t\t\t<p><span class=\"wpcf7-form-control-wrap\" data-name=\"empresa\"><input size=\"40\" maxlength=\"400\" class=\"wpcf7-form-control wpcf7-text\" aria-invalid=\"false\" placeholder=\"Empresa\" value=\"\" type=\"text\" name=\"empresa\" \/><\/span>\n\t\t\t<\/p>\n\t\t<\/div>\n\t\t<div class=\"column-half\">\n\t\t\t<p><span class=\"wpcf7-form-control-wrap\" data-name=\"pais\"><input size=\"40\" maxlength=\"400\" class=\"wpcf7-form-control wpcf7-text\" aria-invalid=\"false\" placeholder=\"Pa\u00eds\" value=\"\" type=\"text\" name=\"pais\" \/><\/span>\n\t\t\t<\/p>\n\t\t<\/div>\n\t\t<div class=\"column-half\" style=\"resize: none;\">\n\t\t\t<p><span class=\"wpcf7-form-control-wrap\" data-name=\"mensaje\"><textarea cols=\"40\" rows=\"10\" maxlength=\"2000\" class=\"wpcf7-form-control wpcf7-textarea\" aria-invalid=\"false\" placeholder=\"Mensaje\" name=\"mensaje\"><\/textarea><\/span>\n\t\t\t<\/p>\n\t\t<\/div>\n\t<\/div>\n\t<div class=\"form-row\">\n\t\t<div class=\"column-full\">\n\t\t\t<p><span class=\"wpcf7-form-control-wrap\" data-name=\"aceptar\"><span class=\"wpcf7-form-control wpcf7-acceptance\"><span class=\"wpcf7-list-item\"><label><input type=\"checkbox\" name=\"aceptar\" value=\"1\" aria-invalid=\"false\" \/><span class=\"wpcf7-list-item-label\">I accept <a class=\"link-map\" href=\"\/en\/privacy-policy\/\">the privacy policy of this site.<\/a><\/span><\/label><\/span><\/span><\/span>\n\t\t\t<\/p>\n\t\t<\/div>\n\t<\/div>\n\t<div class=\"form-row\">\n\t\t<div class=\"column-full\">\n\t\t\t<p><input class=\"wpcf7-form-control wpcf7-submit has-spinner btn-form-contacto\" type=\"submit\" value=\"Enviar\" \/>\n\t\t\t<\/p>\n\t\t<\/div>\n\t<\/div>\n<\/div><!--end responsive-form--><div class=\"wpcf7-response-output\" aria-hidden=\"true\"><\/div>\n<\/form>\n<\/div>\n<\/div>\n            <\/div>\t\t\t\t<\/div>\n\t\t\t\t<\/div>\n\t\t\t\t\t<\/div>\n\t\t<\/div>\n\t\t\t\t\t<\/div>\n\t\t<\/section>\n\t\t\t\t<\/div>\n\t\t","protected":false},"excerpt":{"rendered":"<p>High-performance pneumatic conveying in dense or dilute phase, designed according to the materials to be conveyed. Customized study depending on dimensions and layout of the pipeline, as well as the operations of the system. Both allow a wide range of productions as well as both short and long runs. Pneumatic Transport Dense Phase By push [&hellip;]<\/p>\n","protected":false},"author":1,"featured_media":0,"parent":0,"menu_order":0,"comment_status":"closed","ping_status":"closed","template":"","meta":{"site-sidebar-layout":"no-sidebar","site-content-layout":"page-builder","ast-site-content-layout":"default","site-content-style":"default","site-sidebar-style":"default","ast-global-header-display":"","ast-banner-title-visibility":"","ast-main-header-display":"","ast-hfb-above-header-display":"","ast-hfb-below-header-display":"","ast-hfb-mobile-header-display":"","site-post-title":"disabled","ast-breadcrumbs-content":"","ast-featured-img":"","footer-sml-layout":"","ast-disable-related-posts":"","theme-transparent-header-meta":"default","adv-header-id-meta":"","stick-header-meta":"","header-above-stick-meta":"","header-main-stick-meta":"","header-below-stick-meta":"","astra-migrate-meta-layouts":"default","ast-page-background-enabled":"default","ast-page-background-meta":{"desktop":{"background-color":"","background-image":"","background-repeat":"repeat","background-position":"center center","background-size":"auto","background-attachment":"scroll","background-type":"","background-media":"","overlay-type":"","overlay-color":"","overlay-opacity":"","overlay-gradient":""},"tablet":{"background-color":"","background-image":"","background-repeat":"repeat","background-position":"center center","background-size":"auto","background-attachment":"scroll","background-type":"","background-media":"","overlay-type":"","overlay-color":"","overlay-opacity":"","overlay-gradient":""},"mobile":{"background-color":"","background-image":"","background-repeat":"repeat","background-position":"center center","background-size":"auto","background-attachment":"scroll","background-type":"","background-media":"","overlay-type":"","overlay-color":"","overlay-opacity":"","overlay-gradient":""}},"ast-content-background-meta":{"desktop":{"background-color":"var(--ast-global-color-5)","background-image":"","background-repeat":"repeat","background-position":"center center","background-size":"auto","background-attachment":"scroll","background-type":"","background-media":"","overlay-type":"","overlay-color":"","overlay-opacity":"","overlay-gradient":""},"tablet":{"background-color":"var(--ast-global-color-5)","background-image":"","background-repeat":"repeat","background-position":"center center","background-size":"auto","background-attachment":"scroll","background-type":"","background-media":"","overlay-type":"","overlay-color":"","overlay-opacity":"","overlay-gradient":""},"mobile":{"background-color":"var(--ast-global-color-5)","background-image":"","background-repeat":"repeat","background-position":"center center","background-size":"auto","background-attachment":"scroll","background-type":"","background-media":"","overlay-type":"","overlay-color":"","overlay-opacity":"","overlay-gradient":""}},"footnotes":""},"class_list":["post-11360","page","type-page","status-publish","hentry"],"yoast_head":"<!-- This site is optimized with the Yoast SEO Premium plugin v27.4 (Yoast SEO v27.4) - https:\/\/yoast.com\/product\/yoast-seo-premium-wordpress\/ -->\n<title>Pneumatic conveying - ARCO MET7<\/title>\n<meta name=\"description\" content=\"High-performance pneumatic conveying in dense or dilute phase, designed according to the materials to be conveyed.\" \/>\n<meta name=\"robots\" content=\"index, follow, max-snippet:-1, max-image-preview:large, max-video-preview:-1\" \/>\n<link rel=\"canonical\" href=\"https:\/\/www.arcomet7.com\/en\/pneumatic-transport\/\" \/>\n<meta property=\"og:locale\" content=\"en_US\" \/>\n<meta property=\"og:type\" content=\"article\" \/>\n<meta property=\"og:title\" content=\"Pneumatic conveying\" \/>\n<meta property=\"og:description\" content=\"High-performance pneumatic conveying in dense or dilute phase, designed according to the materials to be conveyed.\" \/>\n<meta property=\"og:url\" content=\"https:\/\/www.arcomet7.com\/en\/pneumatic-transport\/\" \/>\n<meta property=\"og:site_name\" content=\"ARCO MET7\" \/>\n<meta property=\"article:modified_time\" content=\"2025-11-10T10:04:17+00:00\" \/>\n<meta property=\"og:image\" content=\"https:\/\/www.arcomet7.com\/wp-content\/uploads\/transp-neumatico-fase-densa2-768x543.png\" \/>\n<meta name=\"twitter:card\" content=\"summary_large_image\" \/>\n<meta name=\"twitter:label1\" content=\"Est. reading time\" \/>\n\t<meta name=\"twitter:data1\" content=\"1 minute\" \/>\n<script type=\"application\/ld+json\" class=\"yoast-schema-graph\">{\"@context\":\"https:\\\/\\\/schema.org\",\"@graph\":[{\"@type\":\"WebPage\",\"@id\":\"https:\\\/\\\/www.arcomet7.com\\\/en\\\/pneumatic-transport\\\/\",\"url\":\"https:\\\/\\\/www.arcomet7.com\\\/en\\\/pneumatic-transport\\\/\",\"name\":\"Pneumatic conveying - ARCO MET7\",\"isPartOf\":{\"@id\":\"https:\\\/\\\/www.arcomet7.com\\\/en\\\/#website\"},\"primaryImageOfPage\":{\"@id\":\"https:\\\/\\\/www.arcomet7.com\\\/en\\\/pneumatic-transport\\\/#primaryimage\"},\"image\":{\"@id\":\"https:\\\/\\\/www.arcomet7.com\\\/en\\\/pneumatic-transport\\\/#primaryimage\"},\"thumbnailUrl\":\"https:\\\/\\\/www.arcomet7.com\\\/wp-content\\\/uploads\\\/transp-neumatico-fase-densa2-768x543.png\",\"datePublished\":\"2023-01-03T12:25:22+00:00\",\"dateModified\":\"2025-11-10T10:04:17+00:00\",\"description\":\"High-performance pneumatic conveying in dense or dilute phase, designed according to the materials to be conveyed.\",\"breadcrumb\":{\"@id\":\"https:\\\/\\\/www.arcomet7.com\\\/en\\\/pneumatic-transport\\\/#breadcrumb\"},\"inLanguage\":\"en-US\",\"potentialAction\":[{\"@type\":\"ReadAction\",\"target\":[\"https:\\\/\\\/www.arcomet7.com\\\/en\\\/pneumatic-transport\\\/\"]}]},{\"@type\":\"ImageObject\",\"inLanguage\":\"en-US\",\"@id\":\"https:\\\/\\\/www.arcomet7.com\\\/en\\\/pneumatic-transport\\\/#primaryimage\",\"url\":\"https:\\\/\\\/www.arcomet7.com\\\/wp-content\\\/uploads\\\/transp-neumatico-fase-densa2-768x543.png\",\"contentUrl\":\"https:\\\/\\\/www.arcomet7.com\\\/wp-content\\\/uploads\\\/transp-neumatico-fase-densa2-768x543.png\"},{\"@type\":\"BreadcrumbList\",\"@id\":\"https:\\\/\\\/www.arcomet7.com\\\/en\\\/pneumatic-transport\\\/#breadcrumb\",\"itemListElement\":[{\"@type\":\"ListItem\",\"position\":1,\"name\":\"Inicio\",\"item\":\"https:\\\/\\\/www.arcomet7.com\\\/en\\\/\"},{\"@type\":\"ListItem\",\"position\":2,\"name\":\"Pneumatic conveying\"}]},{\"@type\":\"WebSite\",\"@id\":\"https:\\\/\\\/www.arcomet7.com\\\/en\\\/#website\",\"url\":\"https:\\\/\\\/www.arcomet7.com\\\/en\\\/\",\"name\":\"ARCO MET7\",\"description\":\"Dise\u00f1o y fabricaci\u00f3n de maquinaria industrial. Empresa referente en el sector. Innovaci\u00f3n y fiabilidad son nuestras bases para cualquier proyecto\",\"publisher\":{\"@id\":\"https:\\\/\\\/www.arcomet7.com\\\/en\\\/#organization\"},\"potentialAction\":[{\"@type\":\"SearchAction\",\"target\":{\"@type\":\"EntryPoint\",\"urlTemplate\":\"https:\\\/\\\/www.arcomet7.com\\\/en\\\/?s={search_term_string}\"},\"query-input\":{\"@type\":\"PropertyValueSpecification\",\"valueRequired\":true,\"valueName\":\"search_term_string\"}}],\"inLanguage\":\"en-US\"},{\"@type\":\"Organization\",\"@id\":\"https:\\\/\\\/www.arcomet7.com\\\/en\\\/#organization\",\"name\":\"ARCO MET7\",\"url\":\"https:\\\/\\\/www.arcomet7.com\\\/en\\\/\",\"logo\":{\"@type\":\"ImageObject\",\"inLanguage\":\"en-US\",\"@id\":\"https:\\\/\\\/www.arcomet7.com\\\/en\\\/#\\\/schema\\\/logo\\\/image\\\/\",\"url\":\"https:\\\/\\\/www.arcomet7.com\\\/wp-content\\\/uploads\\\/logo-arcomet7.png\",\"contentUrl\":\"https:\\\/\\\/www.arcomet7.com\\\/wp-content\\\/uploads\\\/logo-arcomet7.png\",\"width\":300,\"height\":26,\"caption\":\"ARCO MET7\"},\"image\":{\"@id\":\"https:\\\/\\\/www.arcomet7.com\\\/en\\\/#\\\/schema\\\/logo\\\/image\\\/\"}}]}<\/script>\n<!-- \/ Yoast SEO Premium plugin. -->","yoast_head_json":{"title":"Pneumatic conveying - ARCO MET7","description":"High-performance pneumatic conveying in dense or dilute phase, designed according to the materials to be conveyed.","robots":{"index":"index","follow":"follow","max-snippet":"max-snippet:-1","max-image-preview":"max-image-preview:large","max-video-preview":"max-video-preview:-1"},"canonical":"https:\/\/www.arcomet7.com\/en\/pneumatic-transport\/","og_locale":"en_US","og_type":"article","og_title":"Pneumatic conveying","og_description":"High-performance pneumatic conveying in dense or dilute phase, designed according to the materials to be conveyed.","og_url":"https:\/\/www.arcomet7.com\/en\/pneumatic-transport\/","og_site_name":"ARCO MET7","article_modified_time":"2025-11-10T10:04:17+00:00","og_image":[{"url":"https:\/\/www.arcomet7.com\/wp-content\/uploads\/transp-neumatico-fase-densa2-768x543.png","type":"","width":"","height":""}],"twitter_card":"summary_large_image","twitter_misc":{"Est. reading time":"1 minute"},"schema":{"@context":"https:\/\/schema.org","@graph":[{"@type":"WebPage","@id":"https:\/\/www.arcomet7.com\/en\/pneumatic-transport\/","url":"https:\/\/www.arcomet7.com\/en\/pneumatic-transport\/","name":"Pneumatic conveying - ARCO MET7","isPartOf":{"@id":"https:\/\/www.arcomet7.com\/en\/#website"},"primaryImageOfPage":{"@id":"https:\/\/www.arcomet7.com\/en\/pneumatic-transport\/#primaryimage"},"image":{"@id":"https:\/\/www.arcomet7.com\/en\/pneumatic-transport\/#primaryimage"},"thumbnailUrl":"https:\/\/www.arcomet7.com\/wp-content\/uploads\/transp-neumatico-fase-densa2-768x543.png","datePublished":"2023-01-03T12:25:22+00:00","dateModified":"2025-11-10T10:04:17+00:00","description":"High-performance pneumatic conveying in dense or dilute phase, designed according to the materials to be conveyed.","breadcrumb":{"@id":"https:\/\/www.arcomet7.com\/en\/pneumatic-transport\/#breadcrumb"},"inLanguage":"en-US","potentialAction":[{"@type":"ReadAction","target":["https:\/\/www.arcomet7.com\/en\/pneumatic-transport\/"]}]},{"@type":"ImageObject","inLanguage":"en-US","@id":"https:\/\/www.arcomet7.com\/en\/pneumatic-transport\/#primaryimage","url":"https:\/\/www.arcomet7.com\/wp-content\/uploads\/transp-neumatico-fase-densa2-768x543.png","contentUrl":"https:\/\/www.arcomet7.com\/wp-content\/uploads\/transp-neumatico-fase-densa2-768x543.png"},{"@type":"BreadcrumbList","@id":"https:\/\/www.arcomet7.com\/en\/pneumatic-transport\/#breadcrumb","itemListElement":[{"@type":"ListItem","position":1,"name":"Inicio","item":"https:\/\/www.arcomet7.com\/en\/"},{"@type":"ListItem","position":2,"name":"Pneumatic conveying"}]},{"@type":"WebSite","@id":"https:\/\/www.arcomet7.com\/en\/#website","url":"https:\/\/www.arcomet7.com\/en\/","name":"ARCO MET7","description":"Dise\u00f1o y fabricaci\u00f3n de maquinaria industrial. Empresa referente en el sector. Innovaci\u00f3n y fiabilidad son nuestras bases para cualquier proyecto","publisher":{"@id":"https:\/\/www.arcomet7.com\/en\/#organization"},"potentialAction":[{"@type":"SearchAction","target":{"@type":"EntryPoint","urlTemplate":"https:\/\/www.arcomet7.com\/en\/?s={search_term_string}"},"query-input":{"@type":"PropertyValueSpecification","valueRequired":true,"valueName":"search_term_string"}}],"inLanguage":"en-US"},{"@type":"Organization","@id":"https:\/\/www.arcomet7.com\/en\/#organization","name":"ARCO MET7","url":"https:\/\/www.arcomet7.com\/en\/","logo":{"@type":"ImageObject","inLanguage":"en-US","@id":"https:\/\/www.arcomet7.com\/en\/#\/schema\/logo\/image\/","url":"https:\/\/www.arcomet7.com\/wp-content\/uploads\/logo-arcomet7.png","contentUrl":"https:\/\/www.arcomet7.com\/wp-content\/uploads\/logo-arcomet7.png","width":300,"height":26,"caption":"ARCO MET7"},"image":{"@id":"https:\/\/www.arcomet7.com\/en\/#\/schema\/logo\/image\/"}}]}},"_links":{"self":[{"href":"https:\/\/www.arcomet7.com\/en\/wp-json\/wp\/v2\/pages\/11360","targetHints":{"allow":["GET"]}}],"collection":[{"href":"https:\/\/www.arcomet7.com\/en\/wp-json\/wp\/v2\/pages"}],"about":[{"href":"https:\/\/www.arcomet7.com\/en\/wp-json\/wp\/v2\/types\/page"}],"author":[{"embeddable":true,"href":"https:\/\/www.arcomet7.com\/en\/wp-json\/wp\/v2\/users\/1"}],"replies":[{"embeddable":true,"href":"https:\/\/www.arcomet7.com\/en\/wp-json\/wp\/v2\/comments?post=11360"}],"version-history":[{"count":17,"href":"https:\/\/www.arcomet7.com\/en\/wp-json\/wp\/v2\/pages\/11360\/revisions"}],"predecessor-version":[{"id":20981,"href":"https:\/\/www.arcomet7.com\/en\/wp-json\/wp\/v2\/pages\/11360\/revisions\/20981"}],"wp:attachment":[{"href":"https:\/\/www.arcomet7.com\/en\/wp-json\/wp\/v2\/media?parent=11360"}],"curies":[{"name":"wp","href":"https:\/\/api.w.org\/{rel}","templated":true}]}}